{"id":101,"date":"2023-03-17T16:16:43","date_gmt":"2023-03-17T16:16:43","guid":{"rendered":"https:\/\/nifty-turing.94-237-87-78.plesk.page\/?page_id=101"},"modified":"2023-03-17T16:18:02","modified_gmt":"2023-03-17T16:18:02","slug":"agb","status":"publish","type":"page","link":"https:\/\/viridas.de\/index.php\/agb\/","title":{"rendered":"AGB"},"content":{"rendered":"\t\t<div data-elementor-type=\"wp-post\" data-elementor-id=\"101\" class=\"elementor elementor-101\">\n\t\t\t\t\t\t\t\t\t<section class=\"elementor-section elementor-top-section elementor-element elementor-element-5a4b5dc elementor-section-boxed elementor-section-height-default elementor-section-height-default\" data-id=\"5a4b5dc\" data-element_type=\"section\">\n\t\t\t\t\t\t<div class=\"elementor-container elementor-column-gap-default\">\n\t\t\t\t\t<div class=\"elementor-column elementor-col-100 elementor-top-column elementor-element elementor-element-d6eaf32\" data-id=\"d6eaf32\" data-element_type=\"column\">\n\t\t\t<div class=\"elementor-widget-wrap elementor-element-populated\">\n\t\t\t\t\t\t\t\t<div class=\"elementor-element elementor-element-e177366 elementor-widget elementor-widget-spacer\" data-id=\"e177366\" data-element_type=\"widget\" data-widget_type=\"spacer.default\">\n\t\t\t\t<div class=\"elementor-widget-container\">\n\t\t\t<style>\/*! elementor - v3.11.5 - 14-03-2023 *\/\n.elementor-column .elementor-spacer-inner{height:var(--spacer-size)}.e-con{--container-widget-width:100%}.e-con-inner>.elementor-widget-spacer,.e-con>.elementor-widget-spacer{width:var(--container-widget-width,var(--spacer-size));--align-self:var(--container-widget-align-self,initial);--flex-shrink:0}.e-con-inner>.elementor-widget-spacer>.elementor-widget-container,.e-con-inner>.elementor-widget-spacer>.elementor-widget-container>.elementor-spacer,.e-con>.elementor-widget-spacer>.elementor-widget-container,.e-con>.elementor-widget-spacer>.elementor-widget-container>.elementor-spacer{height:100%}.e-con-inner>.elementor-widget-spacer>.elementor-widget-container>.elementor-spacer>.elementor-spacer-inner,.e-con>.elementor-widget-spacer>.elementor-widget-container>.elementor-spacer>.elementor-spacer-inner{height:var(--container-widget-height,var(--spacer-size))}<\/style>\t\t<div class=\"elementor-spacer\">\n\t\t\t<div class=\"elementor-spacer-inner\"><\/div>\n\t\t<\/div>\n\t\t\t\t<\/div>\n\t\t\t\t<\/div>\n\t\t\t\t<div class=\"elementor-element elementor-element-84643b2 elementor-widget elementor-widget-text-editor\" data-id=\"84643b2\" data-element_type=\"widget\" data-widget_type=\"text-editor.default\">\n\t\t\t\t<div class=\"elementor-widget-container\">\n\t\t\t<style>\/*! elementor - v3.11.5 - 14-03-2023 *\/\n.elementor-widget-text-editor.elementor-drop-cap-view-stacked .elementor-drop-cap{background-color:#818a91;color:#fff}.elementor-widget-text-editor.elementor-drop-cap-view-framed .elementor-drop-cap{color:#818a91;border:3px solid;background-color:transparent}.elementor-widget-text-editor:not(.elementor-drop-cap-view-default) .elementor-drop-cap{margin-top:8px}.elementor-widget-text-editor:not(.elementor-drop-cap-view-default) .elementor-drop-cap-letter{width:1em;height:1em}.elementor-widget-text-editor .elementor-drop-cap{float:left;text-align:center;line-height:1;font-size:50px}.elementor-widget-text-editor .elementor-drop-cap-letter{display:inline-block}<\/style>\t\t\t\t<div class=\"et_pb_row et_pb_row_0\"><div class=\"et_pb_column et_pb_column_4_4 et_pb_column_0 et_pb_css_mix_blend_mode_passthrough et-last-child\"><div class=\"et_pb_module et_pb_text et_pb_text_0 et_pb_bg_layout_light et_pb_text_align_left\"><div class=\"et_pb_text_inner\"><h2>Allgemeine Gesch\u00e4ftsbedingungen<\/h2><h2>\u00a0<\/h2><h2>Allgemeines<\/h2><p>Die viridas GmbH erbringt Dienstleistungen und Entwicklungsarbeiten in den Bereichen der Elektromagnetischen Vertr\u00e4glichkeit (EMV) und der Elektromagnetischen Umweltvertr\u00e4glichkeit (EMVU) mit einer besonderen Spezialisierung auf hochfrequente elektromagnetische Felder und schnelle Daten\u00fcbertragrungen.<\/p><h2>Begriffsbestimmungen<\/h2><p>Mit \u201ewir\u201c, \u201euns\u201c, \u201eunser\u201c, \u201eunsere\u201c, etc. wird ausschlie\u00dflich die viridas GmbH bezeichnet. Mit \u201eSie\u201c, \u201eIhr\u201c, \u201eIhre\u201c, etc. wird der Kunde der viridas GmbH bezeichnet. Die viridas GmbH und der Kunde werden zusammen auch als \u201eParteien\u201c und einzeln jeweils als \u201ePartei\u201c bezeichnet.<\/p><h2>Vertragspartner<\/h2><p>Ihr Vertragspartner f\u00fcr alle angebotenen Leistungen ist die viridas GmbH, eingetragen im Handelsregister des Amtsgerichts Braunschweig unter Registernummer HRB 205258, Gesch\u00e4ftsanschrift: Am Wendenwehr 24, 38114 Braunschweig, vertreten durch den Gesch\u00e4ftsf\u00fchrer Prof. Dr. Matthias Hampe.<\/p><h2>Geltung der Allgemeinen Gesch\u00e4ftsbedingungen<\/h2><p>Unsere Allgemeinen Gesch\u00e4ftsbedingungen sind Bestandteil aller zwischen Ihnen und uns abgeschlossenen Vertr\u00e4ge. Ihre Allgemeinen Gesch\u00e4ftsbedingungen werden nicht Vertragsbestandteil, es sei denn dies wurde zwischen den Parteien ausdr\u00fccklich durch Individualabrede vereinbart.<\/p><h2>Elektronische Kommunikation<\/h2><p>Durch Nutzung unserer Angebote erkl\u00e4ren Sie sich damit einverstanden, s\u00e4mtliche Zustimmungen, Benachrichtigungen, Ver\u00f6ffentlichungen, Rechnungen oder sonstige Kommunikation auf elektronischem Wege, insbesondere per E-Mail, von uns zu erhalten, soweit gesetzliche Vorschriften keine andere Form vorschreiben. Rechnungen werden von uns im PDF-Format per E-Mail versandt.<\/p><h2>Vertragsschluss<\/h2><p>Jede von uns offerierte Leistung stellt eine rechtlich unverbindliche Aufforderung an Sie dar, ein verbindliches Angebot zur Beauftragung dieser Leistung abzugeben. Ein Vertrag kommt erst mit Auftragsbest\u00e4tigung durch uns (Annahmeerkl\u00e4rung) zustande.<\/p><h2>Erl\u00f6schen des Widerrufsrechts<\/h2><p>Sofern Ihnen ein Widerrufsrecht zusteht, stimmen Sie ausdr\u00fccklich zu, dass wir mit der Ausf\u00fchrung des Vertrages vor Ablauf der Widerrufsfrist beginnen. Sie best\u00e4tigen Ihre Kenntnis davon, dass Sie durch Ihre Zustimmung mit Beginn der Ausf\u00fchrung des Vertrages Ihr Widerrufsrecht verlieren.<\/p><h2>Termine und Fristen<\/h2><p>Die von Ihnen beauftragten Leistungen werden grunds\u00e4tzlich innerhalb von vier Wochen nach Eingang Ihrer Bestellung erbracht. Durch Individualabrede kann eine hiervon abweichende Frist vereinbart werden. Termine und Fristen sind nur verbindlich, sofern diese von uns ausdr\u00fccklich und schriftlich als verbindlich best\u00e4tigt wurden.<\/p><h2>Preise und Umsatzsteuer<\/h2><p>Die angegebenen und vereinbarten Preise sind Nettopreise, sofern sie von uns nicht als Bruttopreise gekennzeichnet sind. Soweit nach dem jeweils anwendbaren Recht Umsatzsteuer zu entrichten ist und keine Steuerschuldnerschaft des Leistungsempf\u00e4ngers besteht (Reverse Charge) , wird die in der Rechnung ausgewiesene Umsatzsteuer dem Nettopreis hinzugerechnet.<\/p><h2>Zahlungen<\/h2><p>(1) Alle Zahlungen sind sofort nach Rechnungszugang ohne Abzug f\u00e4llig, sofern im Einzelfall nichts anderes vereinbart wurde oder ein hiervon abweichendes Zahlungsziel in der Rechnung bezeichnet ist.<br \/>(2) Bei Zahlungsziel\u00fcberschreitungen sind wir berechtigt, von Ihnen Zinsen in H\u00f6he von 5 % \u00fcber dem Zinssatz f\u00fcr l\u00e4ngerfristige Refinanzierungsgesch\u00e4fte der Europ\u00e4ischen Zentralbank zu verlangen.<br \/>(3) Wir akzeptieren keine Wechsel. Wir sind nicht verpflichtet, Zahlungen mit Schecks zu akzeptieren. In jedem Fall werden Schecks nur erf\u00fcllungshalber unter Berechnung aller Einziehungsspesen und Zwischenzinsspesen zu Ihren Lasten angenommen.<br \/>(4) Gegenanspr\u00fcche d\u00fcrfen Sie nur aufrechnen oder diesbez\u00fcglich ein Zur\u00fcckbehaltungsrecht geltend machen, sofern Ihre Forderungen gegen uns unbestritten oder rechtskr\u00e4ftig festgestellt sind.<br \/>(5) Wir sind berechtigt, uns bei der Abwicklung aller Zahlungen der Dienste Dritter zu bedienen. Sofern Sie sich in Zahlungsverzug befinden, d\u00fcrfen wir Ihre Forderungen an ein Inkassob\u00fcro abtreten und die zur Zahlungsabwicklung erforderlichen personenbezogenen Daten an diesen Dritten \u00fcbertragen. In diesem Fall gilt die Zahlung im Verh\u00e4ltnis zu uns erst dann als geleistet, wenn der volle Betrag vertragsgem\u00e4\u00df dem Dritten zur Verf\u00fcgung gestellt wurde.<\/p><h2>Urheberrechte<\/h2><p>Der gesamte Inhalt unseres Angebotes ist unser Eigentum oder Eigentum Dritter, die Inhalte zuliefern oder bereitstellen. Ohne unsere ausdr\u00fcckliche schriftliche Zustimmung d\u00fcrfen Sie keine Inhalte extrahieren, wiederverwenden sowie eigene Datenbanken herstellen oder ver\u00f6ffentlichen, die Inhalte unseres Angebotes umfassen. Downloads und Kopien sind nur f\u00fcr den privaten, nicht kommerziellen Gebrauch gestattet. Soweit rechtlich zul\u00e4ssig, verbleiben alle Urheber- und urheberrechtlichen Verwertungsrechte an den im Rahmen des Auftrages aufgenommenen Messdaten bei uns, sofern mit Ihnen nichts anderes vereinbart wurde. Werden urheberrechtliche Verwertungsrechte entsprechend einzelvertraglicher Vereinbarung \u00fcbertragen, so erfolgt dies f\u00fcr Rechte, die wir selbst von Dritten ableiten, nur in dem Umfang, der uns durch diesen Dritten einger\u00e4umt wurde.<\/p><h2>Haftungsbeschr\u00e4nkung<\/h2><p>(1) Unsere Haftung ist bei Sachsch\u00e4den auf grob fahrl\u00e4ssige und vors\u00e4tzliche Schadensherbeif\u00fchrung durch uns oder unsere Erf\u00fcllungsgehilfen beschr\u00e4nkt. Diese Beschr\u00e4nkung gilt nicht f\u00fcr fahrl\u00e4ssig verursachte Sachsch\u00e4den, die auf einer Verletzung wesentlicher Vertragspflichten durch uns beruhen; in diesem Fall ist unsere Haftung jedoch auf den f\u00fcr uns bei Abschluss des Vertrages oder Begehung der Pflichtwidrigkeit vorhersehbaren Schaden begrenzt. Wesentliche Vertragspflichten sind alle Pflichten, deren Erf\u00fcllung die ordnungsgem\u00e4\u00dfe Durchf\u00fchrung des Vertrages erst erm\u00f6glichen und auf deren Einhaltung Sie regelm\u00e4\u00dfig vertrauen d\u00fcrfen.<\/p><p>(2) Wir haften nicht \u00fcber die Erbringung der von uns geschuldeten Leistung hinaus f\u00fcr eine etwaige Nichterreichung des von Ihnen mit der Eingehung des Vertrages verfolgten Zwecks und f\u00fcr Verm\u00f6genswertminderungen.<\/p><p>(3) Wir haften nicht f\u00fcr die Genauigkeit und Vollst\u00e4ndigkeit der bereitgestellten Inhalte und Angebote. In diesem Zusammenhang weisen wir darauf hin, dass sich Feldst\u00e4rken mit der Zeit \u00e4ndern k\u00f6nnen.<\/p><p>(4) Unser Angebot enth\u00e4lt Links zu externen Webseiten Dritter, auf deren Inhalte wir keinen Einfluss haben. Deshalb kann f\u00fcr diese fremden Inhalte auch keine Gew\u00e4hr \u00fcbernommen werden. F\u00fcr die Inhalte der verlinkten Seiten ist stets der jeweilige Anbieter oder Betreiber der Seiten verantwortlich.<\/p><p>(5) Wir bem\u00fchen uns sicherzustellen, dass unsere Angebote stets ohne Unterbrechung verf\u00fcgbar sind. Aufgrund der Beschaffenheit des Internets kann dies jedoch nicht garantiert werden. Ihr Zugriff kann zudem gelegentlich unterbrochen oder beschr\u00e4nkt sein, um Instandsetzungen, Wartungen oder die Einf\u00fchrung von neuen Einrichtungen oder Angeboten zu erm\u00f6glichen.<\/p><p>(6) Wir weisen auf die Gefahren durch Viren und Eingriffe Dritter im Zusammenhang mit der Internetbenutzung hin. In diesem Zusammenhang haften wir nicht f\u00fcr Sch\u00e4den, die darauf beruhen, dass Sie es unterlassen, nach dem Stand der Technik geeignete Vorsorgema\u00dfnahmen, insbesondere die Unterhaltung einer Firewall oder eines Virensuchprogramms, zu treffen.<\/p><p>(7) Die dargestellten Kartenobjekte basieren auf den Daten des OpenStreetMap-Projektes. OpenStreetMap ist eine freie, editierbare Karte der gesamten Welt. OpenStreetMap erm\u00f6glicht es, geographische Daten gemeinschaftlich von \u00fcberall auf der Welt anzuschauen und zu bearbeiten. Die Nutzung des Kartenmaterials erfolgt auf eigene Gefahr. Das Kartenmaterial kann Fehler enthalten oder unzureichend sein. Die Ersteller dieser Karten \u00fcbernehmen keinerlei Gew\u00e4hrleistung oder Haftung f\u00fcr Sch\u00e4den, die direkt oder indirekt durch Nutzung des Kartenmaterials entstehen.<\/p><h2>Salvatorische Klausel<\/h2><p>Sollten einzelne Bestimmungen unseres Vertrages oder dieser Allgemeinen Gesch\u00e4ftsbedingungen ganz oder teilweise unwirksam oder undurchf\u00fchrbar sein oder werden, so wird die Wirksamkeit der \u00fcbrigen Bestimmungen hierdurch nicht ber\u00fchrt. An die Stelle der unwirksamen oder undurchf\u00fchrbaren Bestimmung tritt im Wege der erg\u00e4nzenden Vertragsauslegung die angemessene Regelung, die in wirtschaftlicher Hinsicht dem am n\u00e4chsten kommt, was \u00fcblicherweise bei Bekanntheit der Unwirksamkeit oder Undurchf\u00fchrbarkeit vereinbart worden w\u00e4re. Sofern die erg\u00e4nzende Vertragsauslegung aus Rechtsgr\u00fcnden ausscheidet, verpflichten sich die Parteien dementsprechende erg\u00e4nzende Vereinbarungen zu treffen. Die vorstehenden Regelungen gelten auch, wenn sich bei Durchf\u00fchrung oder Auslegung des Vertrages oder der Allgemeinen Gesch\u00e4ftsbedingungen eine ausf\u00fcllungsbed\u00fcrftige L\u00fccke ergibt. \u00a7 139 BGB wird vollst\u00e4ndig abbedungen.<\/p><h2>Anwendbares Recht, Nebenabreden, Gerichtsstand<\/h2><p>(1) Der Vertrag mit uns samt Allgemeiner Gesch\u00e4ftsbedingungen unterliegt dem Recht der Bundesrepublik Deutschland unter Ausschluss des UN-Kaufrechts und des internationalen Privatrechts.<\/p><p>(2) M\u00fcndliche Nebenabreden bestehen nicht.<\/p><p>(3) F\u00fcr alle Streitigkeiten aus oder im Zusammenhang mit dem zwischen den Parteien geschlossenen Vertrag wird, soweit gesetzlich zul\u00e4ssig, als ausschlie\u00dflicher Gerichtsstand Braunschweig vereinbart.<\/p><\/div><\/div><\/div><\/div>\t\t\t\t\t\t<\/div>\n\t\t\t\t<\/div>\n\t\t\t\t<div class=\"elementor-element elementor-element-4eba196 elementor-widget elementor-widget-spacer\" data-id=\"4eba196\" data-element_type=\"widget\" data-widget_type=\"spacer.default\">\n\t\t\t\t<div class=\"elementor-widget-container\">\n\t\t\t\t\t<div class=\"elementor-spacer\">\n\t\t\t<div class=\"elementor-spacer-inner\"><\/div>\n\t\t<\/div>\n\t\t\t\t<\/div>\n\t\t\t\t<\/div>\n\t\t\t\t\t<\/div>\n\t\t<\/div>\n\t\t\t\t\t\t\t<\/div>\n\t\t<\/section>\n\t\t\t\t<section class=\"elementor-section elementor-top-section elementor-element elementor-element-2bab70f elementor-section-boxed elementor-section-height-default elementor-section-height-default\" data-id=\"2bab70f\" data-element_type=\"section\">\n\t\t\t\t\t\t<div class=\"elementor-container elementor-column-gap-default\">\n\t\t\t\t\t<div class=\"elementor-column elementor-col-100 elementor-top-column elementor-element elementor-element-4d29a2f\" data-id=\"4d29a2f\" data-element_type=\"column\">\n\t\t\t<div class=\"elementor-widget-wrap elementor-element-populated\">\n\t\t\t\t\t\t\t\t<div class=\"elementor-element elementor-element-797e02c elementor-widget elementor-widget-spacer\" data-id=\"797e02c\" data-element_type=\"widget\" data-widget_type=\"spacer.default\">\n\t\t\t\t<div class=\"elementor-widget-container\">\n\t\t\t\t\t<div class=\"elementor-spacer\">\n\t\t\t<div class=\"elementor-spacer-inner\"><\/div>\n\t\t<\/div>\n\t\t\t\t<\/div>\n\t\t\t\t<\/div>\n\t\t\t\t\t<\/div>\n\t\t<\/div>\n\t\t\t\t\t\t\t<\/div>\n\t\t<\/section>\n\t\t\t\t\t\t\t<\/div>\n\t\t","protected":false},"excerpt":{"rendered":"<p>Allgemeine Gesch\u00e4ftsbedingungen \u00a0 Allgemeines Die viridas GmbH erbringt Dienstleistungen und Entwicklungsarbeiten in den Bereichen der Elektromagnetischen Vertr\u00e4glichkeit (EMV) und der Elektromagnetischen Umweltvertr\u00e4glichkeit (EMVU) mit einer besonderen Spezialisierung auf hochfrequente elektromagnetische Felder und schnelle Daten\u00fcbertragrungen. Begriffsbestimmungen Mit \u201ewir\u201c, \u201euns\u201c, \u201eunser\u201c, \u201eunsere\u201c, etc. wird ausschlie\u00dflich die viridas GmbH bezeichnet. Mit \u201eSie\u201c, \u201eIhr\u201c, \u201eIhre\u201c, etc. wird der Kunde [&hellip;]<\/p>\n","protected":false},"author":1,"featured_media":0,"parent":0,"menu_order":0,"comment_status":"closed","ping_status":"closed","template":"elementor_header_footer","meta":{"footnotes":""},"class_list":["post-101","page","type-page","status-publish","hentry"],"_links":{"self":[{"href":"https:\/\/viridas.de\/index.php\/wp-json\/wp\/v2\/pages\/101","targetHints":{"allow":["GET"]}}],"collection":[{"href":"https:\/\/viridas.de\/index.php\/wp-json\/wp\/v2\/pages"}],"about":[{"href":"https:\/\/viridas.de\/index.php\/wp-json\/wp\/v2\/types\/page"}],"author":[{"embeddable":true,"href":"https:\/\/viridas.de\/index.php\/wp-json\/wp\/v2\/users\/1"}],"replies":[{"embeddable":true,"href":"https:\/\/viridas.de\/index.php\/wp-json\/wp\/v2\/comments?post=101"}],"version-history":[{"count":4,"href":"https:\/\/viridas.de\/index.php\/wp-json\/wp\/v2\/pages\/101\/revisions"}],"predecessor-version":[{"id":105,"href":"https:\/\/viridas.de\/index.php\/wp-json\/wp\/v2\/pages\/101\/revisions\/105"}],"wp:attachment":[{"href":"https:\/\/viridas.de\/index.php\/wp-json\/wp\/v2\/media?parent=101"}],"curies":[{"name":"wp","href":"https:\/\/api.w.org\/{rel}","templated":true}]}}