{"id":96,"date":"2023-03-17T16:15:33","date_gmt":"2023-03-17T16:15:33","guid":{"rendered":"https:\/\/nifty-turing.94-237-87-78.plesk.page\/?page_id=96"},"modified":"2023-03-17T16:16:29","modified_gmt":"2023-03-17T16:16:29","slug":"impressum","status":"publish","type":"page","link":"https:\/\/viridas.de\/index.php\/impressum\/","title":{"rendered":"Impressum"},"content":{"rendered":"\t\t<div data-elementor-type=\"wp-post\" data-elementor-id=\"96\" class=\"elementor elementor-96\">\n\t\t\t\t\t\t\t\t\t<section class=\"elementor-section elementor-top-section elementor-element elementor-element-5a4b5dc elementor-section-boxed elementor-section-height-default elementor-section-height-default\" data-id=\"5a4b5dc\" data-element_type=\"section\">\n\t\t\t\t\t\t<div class=\"elementor-container elementor-column-gap-default\">\n\t\t\t\t\t<div class=\"elementor-column elementor-col-100 elementor-top-column elementor-element elementor-element-d6eaf32\" data-id=\"d6eaf32\" data-element_type=\"column\">\n\t\t\t<div class=\"elementor-widget-wrap elementor-element-populated\">\n\t\t\t\t\t\t\t\t<div class=\"elementor-element elementor-element-e177366 elementor-widget elementor-widget-spacer\" data-id=\"e177366\" data-element_type=\"widget\" data-widget_type=\"spacer.default\">\n\t\t\t\t<div class=\"elementor-widget-container\">\n\t\t\t<style>\/*! elementor - v3.11.5 - 14-03-2023 *\/\n.elementor-column .elementor-spacer-inner{height:var(--spacer-size)}.e-con{--container-widget-width:100%}.e-con-inner>.elementor-widget-spacer,.e-con>.elementor-widget-spacer{width:var(--container-widget-width,var(--spacer-size));--align-self:var(--container-widget-align-self,initial);--flex-shrink:0}.e-con-inner>.elementor-widget-spacer>.elementor-widget-container,.e-con-inner>.elementor-widget-spacer>.elementor-widget-container>.elementor-spacer,.e-con>.elementor-widget-spacer>.elementor-widget-container,.e-con>.elementor-widget-spacer>.elementor-widget-container>.elementor-spacer{height:100%}.e-con-inner>.elementor-widget-spacer>.elementor-widget-container>.elementor-spacer>.elementor-spacer-inner,.e-con>.elementor-widget-spacer>.elementor-widget-container>.elementor-spacer>.elementor-spacer-inner{height:var(--container-widget-height,var(--spacer-size))}<\/style>\t\t<div class=\"elementor-spacer\">\n\t\t\t<div class=\"elementor-spacer-inner\"><\/div>\n\t\t<\/div>\n\t\t\t\t<\/div>\n\t\t\t\t<\/div>\n\t\t\t\t<div class=\"elementor-element elementor-element-84643b2 elementor-widget elementor-widget-text-editor\" data-id=\"84643b2\" data-element_type=\"widget\" data-widget_type=\"text-editor.default\">\n\t\t\t\t<div class=\"elementor-widget-container\">\n\t\t\t<style>\/*! elementor - v3.11.5 - 14-03-2023 *\/\n.elementor-widget-text-editor.elementor-drop-cap-view-stacked .elementor-drop-cap{background-color:#818a91;color:#fff}.elementor-widget-text-editor.elementor-drop-cap-view-framed .elementor-drop-cap{color:#818a91;border:3px solid;background-color:transparent}.elementor-widget-text-editor:not(.elementor-drop-cap-view-default) .elementor-drop-cap{margin-top:8px}.elementor-widget-text-editor:not(.elementor-drop-cap-view-default) .elementor-drop-cap-letter{width:1em;height:1em}.elementor-widget-text-editor .elementor-drop-cap{float:left;text-align:center;line-height:1;font-size:50px}.elementor-widget-text-editor .elementor-drop-cap-letter{display:inline-block}<\/style>\t\t\t\t<div class=\"et_pb_row et_pb_row_0\"><div class=\"et_pb_column et_pb_column_4_4 et_pb_column_0 et_pb_css_mix_blend_mode_passthrough et-last-child\"><div class=\"et_pb_module et_pb_text et_pb_text_0 et_pb_bg_layout_light et_pb_text_align_left\"><div class=\"et_pb_text_inner\"><h2>Impressum<\/h2><p>\u00a0<\/p><h2>Angaben gem\u00e4\u00df \u00a7 5 TMG<\/h2><p class=\"text-left\">viridas GmbH<br \/>Anschrift: Tempelweg 10, 30938 Burgwedel<br \/>Gesch\u00e4ftsf\u00fchrer: Prof. Dr.-Ing. Dipl.-Volksw. Matthias Hampe<br \/>E-Mail-Adresse: info@viridas.de<br \/>Telefonnummer: 05139 936 59 52<br \/>Handelsregistereintrag: Amtsgericht Hannover, HRB 222503<br \/>Umsatzsteuer-ID: DE299552516<\/p><p>\u00a0<\/p><h2>Online-Streitbeilegung<\/h2><p>Die Europ\u00e4ische Kommission stellt unter https:\/\/ec.europa.eu\/consumers\/odr\/ eine Plattform zur Online-Streitbeilegung bereit, die Verbraucher f\u00fcr die Beilegung einer Streitigkeit nutzen k\u00f6nnen und auf der weitere Informationen zum Thema Streitschlichtung zu finden sind.<\/p><p>\u00a0<\/p><h2>Au\u00dfergerichtliche Streitbeilegung<\/h2><p>Wir sind weder verpflichtet noch dazu bereit, im Falle einer Streitigkeit mit einem Verbraucher an einem Streitbeilegungsverfahren vor einer Verbraucherschlichtungsstelle teilzunehmen.<\/p><p>\u00a0<\/p><h2>Hinweis zur Haftungsbeschr\u00e4nkung<\/h2><p>Die viridas GmbH lehnt jegliche Haftung oder Gew\u00e4hrleistung im Hinblick auf die Genauigkeit und Vollst\u00e4ndigkeit der bereitgestellten Inhalte ab.<\/p><p>\u00a0<\/p><h2>Hinweis zum Urheberrecht<\/h2><p>Die bereitgestellten Inhalte sind urheberrechtlich gesch\u00fctzt. Jede Verwertung au\u00dferhalb der Grenzen des Urhebergesetzes ist ohne Zustimmung der viridas GmbH nicht gestattet.<\/p><p>\u00a0<\/p><h2>Keine Werbung<\/h2><p>Hiermit wird der Nutzung der gem\u00e4\u00df der Impressumspflicht ver\u00f6ffentlichten Kontaktdaten zur \u00dcbersendung nicht angeforderter Werbung widersprochen.<\/p><\/div><\/div><\/div><\/div>\t\t\t\t\t\t<\/div>\n\t\t\t\t<\/div>\n\t\t\t\t<div class=\"elementor-element elementor-element-4eba196 elementor-widget elementor-widget-spacer\" data-id=\"4eba196\" data-element_type=\"widget\" data-widget_type=\"spacer.default\">\n\t\t\t\t<div class=\"elementor-widget-container\">\n\t\t\t\t\t<div class=\"elementor-spacer\">\n\t\t\t<div class=\"elementor-spacer-inner\"><\/div>\n\t\t<\/div>\n\t\t\t\t<\/div>\n\t\t\t\t<\/div>\n\t\t\t\t\t<\/div>\n\t\t<\/div>\n\t\t\t\t\t\t\t<\/div>\n\t\t<\/section>\n\t\t\t\t<section class=\"elementor-section elementor-top-section elementor-element elementor-element-2bab70f elementor-section-boxed elementor-section-height-default elementor-section-height-default\" data-id=\"2bab70f\" data-element_type=\"section\">\n\t\t\t\t\t\t<div class=\"elementor-container elementor-column-gap-default\">\n\t\t\t\t\t<div class=\"elementor-column elementor-col-100 elementor-top-column elementor-element elementor-element-4d29a2f\" data-id=\"4d29a2f\" data-element_type=\"column\">\n\t\t\t<div class=\"elementor-widget-wrap elementor-element-populated\">\n\t\t\t\t\t\t\t\t<div class=\"elementor-element elementor-element-797e02c elementor-widget elementor-widget-spacer\" data-id=\"797e02c\" data-element_type=\"widget\" data-widget_type=\"spacer.default\">\n\t\t\t\t<div class=\"elementor-widget-container\">\n\t\t\t\t\t<div class=\"elementor-spacer\">\n\t\t\t<div class=\"elementor-spacer-inner\"><\/div>\n\t\t<\/div>\n\t\t\t\t<\/div>\n\t\t\t\t<\/div>\n\t\t\t\t\t<\/div>\n\t\t<\/div>\n\t\t\t\t\t\t\t<\/div>\n\t\t<\/section>\n\t\t\t\t\t\t\t<\/div>\n\t\t","protected":false},"excerpt":{"rendered":"<p>Impressum \u00a0 Angaben gem\u00e4\u00df \u00a7 5 TMG viridas GmbHAnschrift: Tempelweg 10, 30938 BurgwedelGesch\u00e4ftsf\u00fchrer: Prof. Dr.-Ing. Dipl.-Volksw. Matthias HampeE-Mail-Adresse: info@viridas.deTelefonnummer: 05139 936 59 52Handelsregistereintrag: Amtsgericht Hannover, HRB 222503Umsatzsteuer-ID: DE299552516 \u00a0 Online-Streitbeilegung Die Europ\u00e4ische Kommission stellt unter https:\/\/ec.europa.eu\/consumers\/odr\/ eine Plattform zur Online-Streitbeilegung bereit, die Verbraucher f\u00fcr die Beilegung einer Streitigkeit nutzen k\u00f6nnen und auf der weitere Informationen [&hellip;]<\/p>\n","protected":false},"author":1,"featured_media":0,"parent":0,"menu_order":0,"comment_status":"closed","ping_status":"closed","template":"elementor_header_footer","meta":{"footnotes":""},"class_list":["post-96","page","type-page","status-publish","hentry"],"_links":{"self":[{"href":"https:\/\/viridas.de\/index.php\/wp-json\/wp\/v2\/pages\/96","targetHints":{"allow":["GET"]}}],"collection":[{"href":"https:\/\/viridas.de\/index.php\/wp-json\/wp\/v2\/pages"}],"about":[{"href":"https:\/\/viridas.de\/index.php\/wp-json\/wp\/v2\/types\/page"}],"author":[{"embeddable":true,"href":"https:\/\/viridas.de\/index.php\/wp-json\/wp\/v2\/users\/1"}],"replies":[{"embeddable":true,"href":"https:\/\/viridas.de\/index.php\/wp-json\/wp\/v2\/comments?post=96"}],"version-history":[{"count":4,"href":"https:\/\/viridas.de\/index.php\/wp-json\/wp\/v2\/pages\/96\/revisions"}],"predecessor-version":[{"id":100,"href":"https:\/\/viridas.de\/index.php\/wp-json\/wp\/v2\/pages\/96\/revisions\/100"}],"wp:attachment":[{"href":"https:\/\/viridas.de\/index.php\/wp-json\/wp\/v2\/media?parent=96"}],"curies":[{"name":"wp","href":"https:\/\/api.w.org\/{rel}","templated":true}]}}